{"id":1222,"date":"2022-02-24T12:10:18","date_gmt":"2022-02-24T11:10:18","guid":{"rendered":"https:\/\/www.aceitecarpeum.es\/tienda\/?post_type=product&#038;p=1222"},"modified":"2025-10-08T17:35:18","modified_gmt":"2025-10-08T15:35:18","slug":"box-of-3-bottles-of-500-ml-of-organic-extra-virgin-olive-oil","status":"publish","type":"product","link":"https:\/\/www.aceitecarpeum.es\/tienda\/en\/product\/box-of-3-bottles-of-500-ml-of-organic-extra-virgin-olive-oil\/","title":{"rendered":"Box of 3 bottles of 500 ml of organic extra virgin olive oil"},"content":{"rendered":"<p><span style=\"font-size: 1.4em;font-style: normal;font-weight: 600;color: #ab9a2a\">carpeum <\/span>is an <strong>organic extra virgin olive oil.<\/strong><\/p>\n<p>Protected by the <strong>PDO Olive Oil from La Rioja.<\/strong><\/p>\n<p><img loading=\"lazy\" decoding=\"async\" class=\"alignnone size-full wp-image-36\" src=\"https:\/\/www.aceitecarpeum.es\/tienda\/wp-content\/uploads\/2020\/06\/sellosdenominacionaceiterioja.png\" alt=\"sellos denominaci\u00f3n origen\" width=\"268\" height=\"113\" \/><\/p>\n<p>Extracted from the <strong>first cold pressing<\/strong> of olives from our Empeltre, Arbequina, Royuela and Machona olive trees. All this combination of olives give it a very fruity flavor with aromas of banana and apple, with hints of strawberry. In the mouth, it is unctuous, balanced, without acridity, leaving a silky palate,<\/p>\n<p>To obtain the best organic extra virgin olive oil, we take care of the entire production process from the harvesting of the fruits, which is done manually and mechanized, selecting the right moment of maturation, going through the process of extracting the oil by pressure in cold, until conservation and bottling for sale.<\/p>\n<p><strong>Acidity<\/strong> : 0.10.<\/p>\n<p><strong>Format<\/strong> : Cardboard box containing 3 glass bottles of 500 ml of organic extra virgin olive oil.<\/p>\n<p><strong>Dimensions \/ Weight of the box of 3 bottles of 500 ml<\/strong> : 19 cm x 13 cm x 33 cm \/ 2.7 kg.<\/p>\n<p><strong>Storage:<\/strong> We recommend storing extra virgin olive oil in a cool place away from light.<\/p>\n<p><strong>Free shipping<\/strong> to the Peninsula and the Balearic Islands for purchases over 79 euros.<\/p>\n<p><strong>Delivery time<\/strong>: 4 business days.<\/p>\n<p><strong>Secure payment:<\/strong> On our website <strong>your bank details are safe<\/strong> since we neither receive them nor store them in our system. At the time of making the payment, the customer is redirected to the bank&#8217;s website, which will be the one that manages all the card information.<\/p>\n","protected":false},"excerpt":{"rendered":"<p><span class=\"\">Organic extra virgin olive oil extracted from the first cold pressing and protected by the DOP Oil of La Rioja.<\/span><\/p>\n","protected":false},"featured_media":810,"template":"","meta":{"_et_pb_use_builder":"off","_et_pb_old_content":"<span style=\"font-size: 1.4em;font-style: normal;font-weight: 600;color: #ab9a2a\">carpeum <\/span>es un <strong>aceite de oliva virgen extra ecol\u00f3gico. <\/strong>\r\n\r\nAmparado por la <strong>DOP Aceite de La Rioja.<\/strong>\r\n\r\n<img class=\"alignnone size-full wp-image-36\" src=\"https:\/\/www.aceitecarpeum.es\/tienda\/wp-content\/uploads\/2020\/06\/sellosdenominacionaceiterioja.png\" alt=\"sellos denominaci\u00f3n origen\" width=\"268\" height=\"113\" \/>\r\n\r\nExtra\u00eddo de la <strong>primera presi\u00f3n en fr\u00edo<\/strong>, de aceitunas procedentes de nuestros olivos de variedades Empeltre, Arbequina, Royuela y Machona. Toda esta combinaci\u00f3n de aceitunas le confieren un sabor muy frutado con aromas a pl\u00e1tano y manzana, con toques de fresa. En boca, se muestra untuoso, equilibrado, sin acritud, dejando un paladar sedoso,\r\n\r\nPara obtener el mejor aceite de oliva virgen extra ecol\u00f3gico, cuidamos todo el proceso de elaboraci\u00f3n desde la recogida de los frutos que se realiza de forma manual y mecanizada, seleccionando el momento justo de maduraci\u00f3n, pasando por el proceso de extracci\u00f3n del aceite por presi\u00f3n en fr\u00edo, hasta la conservaci\u00f3n y embotellado para su comercializaci\u00f3n.\r\n\r\n<strong>Acidez<\/strong>: 0,10.\r\n\r\n<strong>Formato<\/strong>: Caja de cart\u00f3n que contiene 6 botella de cristal de 500 ml.\r\n\r\n<strong>Dimensiones \/ Peso de la caja de 6 botellas de 500 ml<\/strong>: 19 cm x 13 cm x 33 cm \/ 5,4 kg\r\n\r\n<strong>Conservaci\u00f3n: <\/strong>Recomendamos conservar el aceite de oliva virgen extra en un lugar fresco y alejado de la luz.\r\n\r\n<strong>Env\u00edo gratuito<\/strong> a la Pen\u00ednsula y Baleares para compras superiores a 44 eur.\r\n\r\n<strong>Plazo de entrega<\/strong>: 4 d\u00edas h\u00e1biles.\r\n\r\nEn nuestra web <strong>tus datos bancarios est\u00e1n seguros<\/strong> ya que nosotros ni los recibimos ni los guardamos en nuestro sistema. En el momento de hacer el pago se redirecciona al cliente a la web de la entidad bancaria, que ser\u00e1 la que gestione toda la informaci\u00f3n de la tarjeta.","_et_gb_content_width":""},"product_cat":[35],"product_tag":[],"class_list":["post-1222","product","type-product","status-publish","has-post-thumbnail","hentry","product_cat-cristal"],"_links":{"self":[{"href":"https:\/\/www.aceitecarpeum.es\/tienda\/wp-json\/wp\/v3\/product\/1222","targetHints":{"allow":["GET"]}}],"collection":[{"href":"https:\/\/www.aceitecarpeum.es\/tienda\/wp-json\/wp\/v3\/product"}],"about":[{"href":"https:\/\/www.aceitecarpeum.es\/tienda\/wp-json\/wp\/v2\/types\/product"}],"wp:featuredmedia":[{"embeddable":true,"href":"https:\/\/www.aceitecarpeum.es\/tienda\/wp-json\/wp\/v2\/media\/810"}],"wp:attachment":[{"href":"https:\/\/www.aceitecarpeum.es\/tienda\/wp-json\/wp\/v2\/media?parent=1222"}],"wp:term":[{"taxonomy":"product_cat","embeddable":true,"href":"https:\/\/www.aceitecarpeum.es\/tienda\/wp-json\/wp\/v2\/product_cat?post=1222"},{"taxonomy":"product_tag","embeddable":true,"href":"https:\/\/www.aceitecarpeum.es\/tienda\/wp-json\/wp\/v2\/product_tag?post=1222"}],"curies":[{"name":"wp","href":"https:\/\/api.w.org\/{rel}","templated":true}]}}