{"id":1138,"date":"2021-11-11T09:55:07","date_gmt":"2021-11-11T08:55:07","guid":{"rendered":"https:\/\/www.aceitecarpeum.es\/tienda\/?post_type=product&#038;p=1138"},"modified":"2026-01-02T19:39:17","modified_gmt":"2026-01-02T18:39:17","slug":"lata-de-5-l-de-aceite-de-oliva-virgen-extra-ecologico-2","status":"publish","type":"product","link":"https:\/\/www.aceitecarpeum.es\/tienda\/product\/lata-de-5-l-de-aceite-de-oliva-virgen-extra-ecologico-2\/","title":{"rendered":"Caja de 2 latas de 5 L de aceite de oliva virgen extra ecol\u00f3gico"},"content":{"rendered":"<p><span style=\"font-size: 1.4em;font-style: normal;font-weight: 600;color: #ab9a2a\">carpeum <\/span> es un <strong>aceite de oliva virgen extra ecol\u00f3gico. <\/strong><\/p>\n<p>Amparado por la <strong>DOP Aceite de La Rioja.<\/strong><\/p>\n<p><img loading=\"lazy\" decoding=\"async\" class=\"alignnone size-full wp-image-36\" src=\"https:\/\/www.aceitecarpeum.es\/tienda\/wp-content\/uploads\/2020\/06\/sellosdenominacionaceiterioja.png\" alt=\"sellos denominaci\u00f3n origen\" width=\"268\" height=\"113\" \/><\/p>\n<p>Extra\u00eddo de la <strong>primera presi\u00f3n en fr\u00edo<\/strong>, de aceitunas procedentes de nuestros olivos de variedades Empeltre, Arbequina, Royuela y Machona. Toda esta combinaci\u00f3n de aceitunas le confieren un sabor muy frutado con aromas a pl\u00e1tano y manzana, con toques de fresa. En boca, se muestra untuoso, equilibrado, sin acritud, dejando un paladar sedoso,<\/p>\n<p>Para obtener el mejor aceite de oliva virgen extra ecol\u00f3gico, cuidamos todo el proceso de elaboraci\u00f3n desde la recogida de los frutos que se realiza de forma manual y mecanizada, seleccionando el momento justo de maduraci\u00f3n, pasando por el proceso de extracci\u00f3n del aceite por presi\u00f3n en fr\u00edo, hasta la conservaci\u00f3n y embotellado para su comercializaci\u00f3n.<\/p>\n<p><strong>Acidez<\/strong>: 0,10.<\/p>\n<p><strong>Formato<\/strong>:Caja de 2 latas de 5 litros de aceite de oliva virgen extra ecol\u00f3gico.<\/p>\n<p><strong>Dimensiones \/ Peso de la caja de 2 latas de 5 L<\/strong>: 24 cm x 18 cm x 33 cm \/ 10,2 kg.<\/p>\n<p><strong>Conservaci\u00f3n: <\/strong>Recomendamos conservar el aceite de oliva virgen extra en un lugar fresco y alejado de la luz.<\/p>\n<p><strong>Env\u00edo gratuito<\/strong> a la Pen\u00ednsula y Baleares para compras superiores a 60 eur.<\/p>\n<p><strong>Plazo de entrega<\/strong>: 4 d\u00edas h\u00e1biles.<\/p>\n<p><strong>Pago seguro:<\/strong> En nuestra web <strong>tus datos bancarios est\u00e1n seguros<\/strong> ya que nosotros ni los recibimos ni los guardamos en nuestro sistema. En el momento de hacer el pago se redirecciona al cliente a la web de la entidad bancaria, que ser\u00e1 la que gestione toda la informaci\u00f3n de la tarjeta.<\/p>\n","protected":false},"excerpt":{"rendered":"<p>Aceite de oliva virgen extra ecol\u00f3gico extra\u00eddo de la primera presi\u00f3n en fr\u00edo y amparado por la DOP Aceite de La Rioja.<\/p>\n","protected":false},"featured_media":1108,"template":"","meta":{"_et_pb_use_builder":"off","_et_pb_old_content":"Lorem ipsum dolor sit amet, consectetur adipiscing elit. Cras ultrices condimentum dolor. Sed sollicitudin nec justo sed ultrices. Cras eget elementum sem. Nullam tincidunt lorem urna, a ullamcorper ex pulvinar placerat. Maecenas ultrices mi eget odio aliquam, congue eleifend felis imperdiet. Morbi tempor, eros non porta mollis, leo lacus pulvinar dolor, ac porttitor leo diam at ante. In rutrum condimentum quam vitae aliquam. Curabitur quis iaculis justo. Donec non nisi sodales, sodales eros a, interdum lorem. Pellentesque nec dolor nulla. Nunc a ante at ante vehicula pharetra. Sed at dui ac urna iaculis malesuada. Aenean nulla mauris, egestas ac arcu sed, posuere malesuada purus. Vestibulum nec urna vitae velit auctor hendrerit a non urna. Nunc porta aliquet est, et molestie sapien. In hac habitasse platea dictumst.","_et_gb_content_width":""},"product_cat":[34],"product_tag":[],"class_list":["post-1138","product","type-product","status-publish","has-post-thumbnail","hentry","product_cat-lata"],"_links":{"self":[{"href":"https:\/\/www.aceitecarpeum.es\/tienda\/wp-json\/wp\/v3\/product\/1138","targetHints":{"allow":["GET"]}}],"collection":[{"href":"https:\/\/www.aceitecarpeum.es\/tienda\/wp-json\/wp\/v3\/product"}],"about":[{"href":"https:\/\/www.aceitecarpeum.es\/tienda\/wp-json\/wp\/v2\/types\/product"}],"wp:featuredmedia":[{"embeddable":true,"href":"https:\/\/www.aceitecarpeum.es\/tienda\/wp-json\/wp\/v2\/media\/1108"}],"wp:attachment":[{"href":"https:\/\/www.aceitecarpeum.es\/tienda\/wp-json\/wp\/v2\/media?parent=1138"}],"wp:term":[{"taxonomy":"product_cat","embeddable":true,"href":"https:\/\/www.aceitecarpeum.es\/tienda\/wp-json\/wp\/v2\/product_cat?post=1138"},{"taxonomy":"product_tag","embeddable":true,"href":"https:\/\/www.aceitecarpeum.es\/tienda\/wp-json\/wp\/v2\/product_tag?post=1138"}],"curies":[{"name":"wp","href":"https:\/\/api.w.org\/{rel}","templated":true}]}}