{"id":904,"date":"2021-11-11T12:45:00","date_gmt":"2021-11-11T11:45:00","guid":{"rendered":"https:\/\/www.aceitecarpeum.es\/tienda\/?page_id=904"},"modified":"2021-11-11T12:46:17","modified_gmt":"2021-11-11T11:46:17","slug":"delivery","status":"publish","type":"page","link":"https:\/\/www.aceitecarpeum.es\/tienda\/delivery\/","title":{"rendered":"Delivery"},"content":{"rendered":"<p>[et_pb_section fb_built=&#8221;1&#8243; _builder_version=&#8221;4.11.3&#8243; _module_preset=&#8221;default&#8221; global_colors_info=&#8221;{}&#8221;][et_pb_row _builder_version=&#8221;4.11.3&#8243; _module_preset=&#8221;default&#8221; global_colors_info=&#8221;{}&#8221;][et_pb_column type=&#8221;4_4&#8243; _builder_version=&#8221;4.11.3&#8243; _module_preset=&#8221;default&#8221; global_colors_info=&#8221;{}&#8221;][et_pb_text module_class=&#8221;kw-font-junctionregular-sense-mida&#8221; _builder_version=&#8221;4.11.3&#8243; _module_preset=&#8221;default&#8221; global_colors_info=&#8221;{}&#8221;]<\/p>\n<p><strong>ENV\u00cdOS<\/strong><\/p>\n<p>El tiempo estimado de tr\u00e1nsito en la\u00a0pen\u00ednsula\u00a0de los paquetes es de\u00a048-72\u00a0horas\u00a0en d\u00edas laborables.<\/p>\n<p>Al tiempo de tr\u00e1nsito de los paquetes, habr\u00eda que a\u00f1adir el tiempo necesario para preparar la mercanc\u00eda en la almazara y el tiempo de gesti\u00f3n de los pedidos, pudi\u00e9ndose demorar un d\u00eda m\u00e1s, aunque lo normal es que entre dentro del plazo se\u00f1alado anteriormente.<\/p>\n<p>El tiempo estimado de\u00a0tr\u00e1nsito internacional\u00a0depende del pa\u00eds de destino estando en torno a\u00a05-7 d\u00edas laborales<\/p>\n<p><strong>DEVOLUCIONES<\/strong><\/p>\n<p>En caso de que un paquete llegue da\u00f1ado o roto el cliente dispone de 4 d\u00edas para realizar la oportuna reclamaci\u00f3n por email y le ser\u00e1 entregado de nuevo ese mismo producto en \u00f3ptimas condiciones previa retirada en su domicilio del paquete defectuoso anterior. El cliente no abonar\u00e1 ning\u00fan gasto de transporte adicional. Ser\u00e1 necesaria la colaboraci\u00f3n del cliente en cuanto al env\u00edo de fotos e informaci\u00f3n para poder generar la reclamaci\u00f3n.<\/p>\n<p>[\/et_pb_text][\/et_pb_column][\/et_pb_row][\/et_pb_section]<\/p>\n","protected":false},"excerpt":{"rendered":"<p>ENV\u00cdOS El tiempo estimado de tr\u00e1nsito en la\u00a0pen\u00ednsula\u00a0de los paquetes es de\u00a048-72\u00a0horas\u00a0en d\u00edas laborables. Al tiempo de tr\u00e1nsito de los paquetes, habr\u00eda que a\u00f1adir el tiempo necesario para preparar la mercanc\u00eda en la almazara y el tiempo de gesti\u00f3n de los pedidos, pudi\u00e9ndose demorar un d\u00eda m\u00e1s, aunque lo normal es que entre dentro del [&hellip;]<\/p>\n","protected":false},"author":7,"featured_media":0,"parent":0,"menu_order":0,"comment_status":"closed","ping_status":"closed","template":"","meta":{"_et_pb_use_builder":"on","_et_pb_old_content":"","_et_gb_content_width":"","footnotes":""},"class_list":["post-904","page","type-page","status-publish","hentry"],"_links":{"self":[{"href":"https:\/\/www.aceitecarpeum.es\/tienda\/wp-json\/wp\/v2\/pages\/904","targetHints":{"allow":["GET"]}}],"collection":[{"href":"https:\/\/www.aceitecarpeum.es\/tienda\/wp-json\/wp\/v2\/pages"}],"about":[{"href":"https:\/\/www.aceitecarpeum.es\/tienda\/wp-json\/wp\/v2\/types\/page"}],"author":[{"embeddable":true,"href":"https:\/\/www.aceitecarpeum.es\/tienda\/wp-json\/wp\/v2\/users\/7"}],"replies":[{"embeddable":true,"href":"https:\/\/www.aceitecarpeum.es\/tienda\/wp-json\/wp\/v2\/comments?post=904"}],"version-history":[{"count":2,"href":"https:\/\/www.aceitecarpeum.es\/tienda\/wp-json\/wp\/v2\/pages\/904\/revisions"}],"predecessor-version":[{"id":908,"href":"https:\/\/www.aceitecarpeum.es\/tienda\/wp-json\/wp\/v2\/pages\/904\/revisions\/908"}],"wp:attachment":[{"href":"https:\/\/www.aceitecarpeum.es\/tienda\/wp-json\/wp\/v2\/media?parent=904"}],"curies":[{"name":"wp","href":"https:\/\/api.w.org\/{rel}","templated":true}]}}