{"id":862,"date":"2021-11-11T11:53:12","date_gmt":"2021-11-11T10:53:12","guid":{"rendered":"https:\/\/www.aceitecarpeum.es\/tienda\/?page_id=862"},"modified":"2021-11-11T12:03:48","modified_gmt":"2021-11-11T11:03:48","slug":"politica-de-cookies","status":"publish","type":"page","link":"https:\/\/www.aceitecarpeum.es\/tienda\/politica-de-cookies\/","title":{"rendered":"Pol\u00edtica de cookies"},"content":{"rendered":"<p>[et_pb_section fb_built=&#8221;1&#8243; _builder_version=&#8221;4.11.3&#8243; _module_preset=&#8221;default&#8221; global_colors_info=&#8221;{}&#8221;][et_pb_row _builder_version=&#8221;4.11.3&#8243; _module_preset=&#8221;default&#8221; global_colors_info=&#8221;{}&#8221;][et_pb_column type=&#8221;4_4&#8243; _builder_version=&#8221;4.11.3&#8243; _module_preset=&#8221;default&#8221; global_colors_info=&#8221;{}&#8221;][et_pb_text module_class=&#8221;kw-font-junctionregular-sense-mida&#8221; _builder_version=&#8221;4.11.3&#8243; _module_preset=&#8221;default&#8221; hover_enabled=&#8221;0&#8243; global_colors_info=&#8221;{}&#8221; sticky_enabled=&#8221;0&#8243;]<\/p>\n<p><span style=\"font-weight: bold;\">POL\u00cdTICA DE COOKIES<\/span><\/p>\n<p><span style=\"font-weight: bold;\">\u00bfQu\u00e9 son las cookies?<\/span><\/p>\n<p>Una cookie es un fichero que se descarga en su ordenador al acceder a determinadas p\u00e1ginas web. Las cookies permiten a una p\u00e1gina web, entre otras cosas, almacenar y recuperar informaci\u00f3n sobre los h\u00e1bitos de navegaci\u00f3n de un usuario o de su equipo y, dependiendo de la informaci\u00f3n que contengan y de la forma en que utilice su equipo, pueden utilizarse para reconocer al usuario.<\/p>\n<p>Puedes gestionar las cookies en los <span class=\"change-settings-button\" style=\"cursor: pointer; text-decoration: underline;\" role=\"link\" data-href=\"#moove_gdpr_cookie_modal\" tabindex=\"0\">ajustes<\/span><\/p>\n<p><span style=\"font-weight: bold;\">Cookies utilizadas en este sitio web<\/span><\/p>\n<p><span style=\"font-weight: bold;\">Cookies t\u00e9cnicas<\/span><br \/>Las cookies t\u00e9cnicas son esenciales y necesarias para que la web funcione correctamente y para usar las diversas opciones y servicios que ofrece.<\/p>\n<p><span style=\"font-weight: bold;\">Cookies anal\u00edticas<\/span><br \/>Nuestro sitio web utiliza cookies de Google Analytics. La informaci\u00f3n que recogen estas cookies se transferida y archivada por Google en sus servidores de Estados Unidos, de acuerdo con sus pr\u00e1cticas de privacidad. Para m\u00e1s informaci\u00f3n de las pr\u00e1cticas de privacidad de Google y c\u00f3mo se aplican a Google Analytics visite: Pol\u00edtica de Privacidad de Google Analytics.<\/p>\n<p><span style=\"font-weight: bold;\">Cookies de sesi\u00f3n<\/span><br \/>Las cookies de sesi\u00f3n son aquellas que existen s\u00f3lo mientras el usuario navega por la web y se eliminan al final.<\/p>\n<p><span style=\"font-weight: bold;\">C\u00f3mo controlar y eliminar las cookies<\/span><\/p>\n<p>Puede cambiar la configuraci\u00f3n del navegador web para rechazar, permitir, bloquear o eliminar las cookies mediante la configuraci\u00f3n de las opciones de tu navegador. Para cambiar la configuraci\u00f3n seguid las instrucciones que proporciona cada navegador:<\/p>\n<p>&#8211; Para m\u00e1s informaci\u00f3n sobre Internet Explorer pulse <a href=\"http:\/\/windows.microsoft.com\/es-es\/internet-explorer\/delete-manage-cookies#ie=ie-11\" target=\"_blank\" rel=\"noopener\">aqu\u00ed<\/a>.<br \/>&#8211; Para m\u00e1s informaci\u00f3n sobre Firefox pulse <a href=\"http:\/\/support.mozilla.org\/es\/kb\/habilitar-y-deshabilitar-cookies-que-los-sitios-we\" target=\"_blank\" rel=\"noopener\">aqu\u00ed<\/a>.<br \/>&#8211; Para m\u00e1s informaci\u00f3n sobre Chrome pulse <a href=\"https:\/\/support.google.com\/chrome\/answer\/95647?hl=es\" target=\"_blank\" rel=\"noopener\">aqu\u00ed<\/a>.<br \/>&#8211; Para m\u00e1s informaci\u00f3n sobre Safari pulse <a href=\"http:\/\/support.apple.com\/kb\/HT1677?viewlocale=es_ES\" target=\"_blank\" rel=\"noopener\">aqu\u00ed<\/a>.<br \/>&#8211; Para m\u00e1s informaci\u00f3n sobre Opera pulse <a href=\"http:\/\/www.opera.com\/help\/tutorials\/security\/privacy\/\" target=\"_blank\" rel=\"noopener\">aqu\u00ed<\/a>.<\/p>\n<p>Bloquear el uso de las cookies en su navegaci\u00f3n puede hacer que algunos servicios o caracter\u00edsticas del sitio web no est\u00e9n disponibles.<\/p>\n<p>[\/et_pb_text][\/et_pb_column][\/et_pb_row][\/et_pb_section]<\/p>\n","protected":false},"excerpt":{"rendered":"<p>POL\u00cdTICA DE COOKIES \u00bfQu\u00e9 son las cookies? Una cookie es un fichero que se descarga en su ordenador al acceder a determinadas p\u00e1ginas web. Las cookies permiten a una p\u00e1gina web, entre otras cosas, almacenar y recuperar informaci\u00f3n sobre los h\u00e1bitos de navegaci\u00f3n de un usuario o de su equipo y, dependiendo de la informaci\u00f3n [&hellip;]<\/p>\n","protected":false},"author":7,"featured_media":0,"parent":0,"menu_order":0,"comment_status":"closed","ping_status":"closed","template":"","meta":{"_et_pb_use_builder":"on","_et_pb_old_content":"","_et_gb_content_width":"","footnotes":""},"class_list":["post-862","page","type-page","status-publish","hentry"],"_links":{"self":[{"href":"https:\/\/www.aceitecarpeum.es\/tienda\/wp-json\/wp\/v2\/pages\/862","targetHints":{"allow":["GET"]}}],"collection":[{"href":"https:\/\/www.aceitecarpeum.es\/tienda\/wp-json\/wp\/v2\/pages"}],"about":[{"href":"https:\/\/www.aceitecarpeum.es\/tienda\/wp-json\/wp\/v2\/types\/page"}],"author":[{"embeddable":true,"href":"https:\/\/www.aceitecarpeum.es\/tienda\/wp-json\/wp\/v2\/users\/7"}],"replies":[{"embeddable":true,"href":"https:\/\/www.aceitecarpeum.es\/tienda\/wp-json\/wp\/v2\/comments?post=862"}],"version-history":[{"count":4,"href":"https:\/\/www.aceitecarpeum.es\/tienda\/wp-json\/wp\/v2\/pages\/862\/revisions"}],"predecessor-version":[{"id":898,"href":"https:\/\/www.aceitecarpeum.es\/tienda\/wp-json\/wp\/v2\/pages\/862\/revisions\/898"}],"wp:attachment":[{"href":"https:\/\/www.aceitecarpeum.es\/tienda\/wp-json\/wp\/v2\/media?parent=862"}],"curies":[{"name":"wp","href":"https:\/\/api.w.org\/{rel}","templated":true}]}}